{"id":9107,"date":"2023-05-31T08:25:37","date_gmt":"2023-05-31T12:25:37","guid":{"rendered":"http:\/\/atamanmuseum.com\/hakkinda\/"},"modified":"2024-10-13T09:52:29","modified_gmt":"2024-10-13T13:52:29","slug":"hakkinda","status":"publish","type":"page","link":"https:\/\/www.atamanmuseum.com\/tr\/hakkinda\/","title":{"rendered":"HAKKIMIZDA"},"content":{"rendered":"\t\t<div data-elementor-type=\"wp-page\" data-elementor-id=\"9107\" class=\"elementor elementor-9107 elementor-1794\">\n\t\t\t\t<div class=\"elementor-element elementor-element-0e54f94 e-con-full e-flex e-con e-parent\" data-id=\"0e54f94\" data-element_type=\"container\">\n\t\t<div class=\"elementor-element elementor-element-191b1c3 e-con-full e-flex e-con e-child\" data-id=\"191b1c3\" data-element_type=\"container\">\n\t\t\t\t<div class=\"elementor-element elementor-element-5bdcee9 tite__red elementor-widget elementor-widget-text-editor\" data-id=\"5bdcee9\" data-element_type=\"widget\" data-widget_type=\"text-editor.default\">\n\t\t\t\t<div class=\"elementor-widget-container\">\n\t\t\t\t\t\t\t\t\t<h1><b>Hakk\u0131m\u0131zda<\/b><\/h1>\n\t\t\t\t\t\t\t\t<\/div>\n\t\t\t\t<\/div>\n\t\t\t\t<\/div>\n\t\t\t\t<\/div>\n\t\t<div class=\"elementor-element elementor-element-bd6cb74 qodef-elementor-content-grid e-flex e-con-boxed e-con e-parent\" data-id=\"bd6cb74\" data-element_type=\"container\">\n\t\t\t\t\t<div class=\"e-con-inner\">\n\t\t\t\t<div class=\"elementor-element elementor-element-b4713fa tite__red elementor-widget elementor-widget-qi_addons_for_elementor_dual_image_with_content\" data-id=\"b4713fa\" data-element_type=\"widget\" data-widget_type=\"qi_addons_for_elementor_dual_image_with_content.default\">\n\t\t\t\t<div class=\"elementor-widget-container\">\n\t\t\t\t\t<div class=\"qodef-shortcode qodef-m qodef-qi-dual-image-with-content qodef--content-left qodef-decoration--italic qodef-link--underline-draw qodef-qi--has-appear\">\n\t<div class=\"qodef-dual-content\">\n\t\t<div class=\"qodef-m-inner-content\">\n\t\t\t\t<h2 class=\"qodef-m-title\">\n\t\tURAL ATAMAN\t<\/h2>\n\t\t\t\t<p class=\"qodef-m-text\">Otomobil sevdam 1937 y\u0131l\u0131nda babam ilk \u201c1937 model Ford Deluxe 4 kap\u0131l\u0131 sedan\u201d otomobilini sat\u0131n ald\u0131\u011f\u0131nda ba\u015flad\u0131. Bodrum\u2019da il\u00e7enin tek doktoru ve Belediye Ba\u015fkan\u0131 olan babam\u0131n kulland\u0131\u011f\u0131 ilk arabayd\u0131. O zamanlar 3 ya\u015f\u0131ndayd\u0131m. S\u00fcr\u00fcc\u00fc koltu\u011funa oturup direksiyonu tuttu\u011fumu ve arac\u0131n g\u00f6sterge paneline hayranl\u0131kla bakt\u0131\u011f\u0131m\u0131 hat\u0131rl\u0131yorum, bana g\u00f6re b\u00fcy\u00fc denen \u015fey buydu. Y\u0131llar sonra Miami\u2019de bir Kruse m\u00fczayedesinde ayn\u0131 araban\u0131n sat\u0131ld\u0131\u011f\u0131n\u0131 g\u00f6rd\u00fc\u011f\u00fcmde onu sat\u0131n al\u0131p \u0130stanbul\u2019a getirmek, annemi arabayla gezintiye \u00e7\u0131karmak ve ard\u0131ndan onu m\u00fczeye koymak i\u00e7in \u00e7ok heyecanland\u0131m. Babam\u0131n 1937 model arabas\u0131n\u0131n \u0130zmir\u2019de toplam 2,250 T\u00fcrk Liras\u0131 kar\u015f\u0131l\u0131\u011f\u0131nda kesilmi\u015f orijinal faturas\u0131n\u0131 \u015fu an m\u00fczede g\u00f6rebilirsiniz. Babam\u0131n s\u00f6yledi\u011fine g\u00f6re, o zamanlar Bodrum\u2019da bu fiyata 3 ev sat\u0131n alabilirmi\u015fsiniz. Arac\u0131n plakas\u0131 Bodrum H (H, Hususi anlam\u0131ndad\u0131r.) 01\u2019di. O s\u0131ralar T\u00fcrkiye\u2019de Ford\u2019un logosunda \u201cAl\u0131rs\u0131n Ford olursun lord.\u201d yazard\u0131 ve babam, bu slogana inand\u0131\u011f\u0131ndan de\u011fil, ama ger\u00e7ek bir Ford tutkunuydu. Hi\u00e7bir zaman maddiyat d\u00fc\u015fk\u00fcn\u00fc bir adam olmad\u0131, tam aksine sahip olduklar\u0131yla hayattan zevk al\u0131rd\u0131. 1937 model Ford\u2019u, 1939 model bir ba\u015fka Ford ve sava\u015ftan sonra da bir 1946 model Ford takip etti. T\u00fcm otomobiller \u015fuan m\u00fczede. O zamandan itibaren k\u0131z\u0131mla beraber araba koleksiyonu yapmaya ba\u015flad\u0131k.              <\/p>\n\t\t<\/div>\n\t\t<div class=\"qodef-m-inner-bottom\">\n\t\t\t\t\t<\/div>\n\t<\/div>\n\t<div class=\"qodef-image-holder\">\n\t\t<div class=\"qodef-m-main-image\">\n\t<\/div>\n\t\t<div class=\"qodef-m-second-image\">\n\t<img fetchpriority=\"high\" decoding=\"async\" width=\"576\" height=\"1024\" src=\"https:\/\/www.atamanmuseum.com\/wp-content\/uploads\/2024\/09\/1-5-576x1024.jpg\" class=\"attachment-large size-large\" alt=\"\" srcset=\"https:\/\/www.atamanmuseum.com\/wp-content\/uploads\/2024\/09\/1-5-576x1024.jpg 576w, https:\/\/www.atamanmuseum.com\/wp-content\/uploads\/2024\/09\/1-5-169x300.jpg 169w, https:\/\/www.atamanmuseum.com\/wp-content\/uploads\/2024\/09\/1-5-768x1365.jpg 768w, https:\/\/www.atamanmuseum.com\/wp-content\/uploads\/2024\/09\/1-5-864x1536.jpg 864w, https:\/\/www.atamanmuseum.com\/wp-content\/uploads\/2024\/09\/1-5-600x1067.jpg 600w, https:\/\/www.atamanmuseum.com\/wp-content\/uploads\/2024\/09\/1-5.jpg 1080w\" sizes=\"(max-width: 576px) 100vw, 576px\" \/><\/div>\n\t<\/div>\n<\/div>\n\t\t\t\t<\/div>\n\t\t\t\t<\/div>\n\t\t\t\t<div class=\"elementor-element elementor-element-16bc184 elementor-widget elementor-widget-spacer\" data-id=\"16bc184\" data-element_type=\"widget\" data-widget_type=\"spacer.default\">\n\t\t\t\t<div class=\"elementor-widget-container\">\n\t\t\t\t\t\t\t<div class=\"elementor-spacer\">\n\t\t\t<div class=\"elementor-spacer-inner\"><\/div>\n\t\t<\/div>\n\t\t\t\t\t\t<\/div>\n\t\t\t\t<\/div>\n\t\t\t\t<div class=\"elementor-element elementor-element-ba0a342 elementor-widget elementor-widget-qi_addons_for_elementor_blockquote\" data-id=\"ba0a342\" data-element_type=\"widget\" data-widget_type=\"qi_addons_for_elementor_blockquote.default\">\n\t\t\t\t<div class=\"elementor-widget-container\">\n\t\t\t\t\t<div class=\"qodef-shortcode qodef-m tite__red qodef-qi-blockquote qodef-layout--top qodef--icon-pack\">\n\t\t\t<div class=\"qodef-m-icon\">\n\t\t\t<svg aria-hidden=\"true\" class=\"e-font-icon-svg e-fas-quote-right\" viewBox=\"0 0 512 512\" xmlns=\"http:\/\/www.w3.org\/2000\/svg\"><path d=\"M464 32H336c-26.5 0-48 21.5-48 48v128c0 26.5 21.5 48 48 48h80v64c0 35.3-28.7 64-64 64h-8c-13.3 0-24 10.7-24 24v48c0 13.3 10.7 24 24 24h8c88.4 0 160-71.6 160-160V80c0-26.5-21.5-48-48-48zm-288 0H48C21.5 32 0 53.5 0 80v128c0 26.5 21.5 48 48 48h80v64c0 35.3-28.7 64-64 64h-8c-13.3 0-24 10.7-24 24v48c0 13.3 10.7 24 24 24h8c88.4 0 160-71.6 160-160V80c0-26.5-21.5-48-48-48z\"><\/path><\/svg>\t\t<\/div>\n\t\t\t\t<h4 class=\"qodef-m-text\">\n\t\t\tEski arabalar, zamans\u0131z cazibe.\t\t<\/h4>\n\t<\/div>\n\t\t\t\t<\/div>\n\t\t\t\t<\/div>\n\t\t\t\t<div class=\"elementor-element elementor-element-15eccce elementor-widget elementor-widget-spacer\" data-id=\"15eccce\" data-element_type=\"widget\" data-widget_type=\"spacer.default\">\n\t\t\t\t<div class=\"elementor-widget-container\">\n\t\t\t\t\t\t\t<div class=\"elementor-spacer\">\n\t\t\t<div class=\"elementor-spacer-inner\"><\/div>\n\t\t<\/div>\n\t\t\t\t\t\t<\/div>\n\t\t\t\t<\/div>\n\t\t\t\t<div class=\"elementor-element elementor-element-b838d79 elementor-widget elementor-widget-qi_addons_for_elementor_dual_image_with_content\" data-id=\"b838d79\" data-element_type=\"widget\" data-widget_type=\"qi_addons_for_elementor_dual_image_with_content.default\">\n\t\t\t\t<div class=\"elementor-widget-container\">\n\t\t\t\t\t<div class=\"qodef-shortcode qodef-m qodef-qi-dual-image-with-content qodef--content-right qodef-decoration--italic qodef-link--underline-draw qodef-qi--has-appear\">\n\t<div class=\"qodef-dual-content\">\n\t\t<div class=\"qodef-m-inner-content\">\n\t\t\t\t\t\t\t<p class=\"qodef-m-text\">\u0130nsanlar\u0131n bunu ne kadar takdir edece\u011fini hi\u00e7 planlamadan, daha \u00e7ok otomobillerle olan an\u0131lar\u0131m\u0131z\u0131n bize yol g\u00f6stermesiyle, \u00f6zellikle de Amerika\u2019da ya\u015fad\u0131\u011f\u0131m 8 y\u0131l boyunca 50\u2019li y\u0131llar\u0131n arabalar\u0131yla olan hat\u0131ralar\u0131m\u0131n izinden gittik. Gen\u00e7 bir \u00f6\u011frenciyken asla sat\u0131n almaya g\u00fcc\u00fcm\u00fcn yetmedi\u011fi otomobillerden baz\u0131lar\u0131n\u0131 koleksiyonumuza dahil ettik. \u00dcniversite arkada\u015f\u0131m\u0131n sahip oldu\u011fu ve sayesinde en g\u00fczel k\u0131zlarla \u00e7\u0131kt\u0131\u011f\u0131 1954 model Corvette bunlardan biri. Zamanla i\u015fler de\u011fi\u015fti, T\u00fcrkiye Klasik Otomobil Kl\u00fcb\u00fc\u2019n\u00fcn kurucu \u00fcyelerinden olduk. Baz\u0131 uluslararas\u0131 ve ulusal ralli organizasyonlar\u0131na kat\u0131ld\u0131m. T\u00fcm bu giri\u015fimlerin sonucunda T\u00fcrkiye\u2019de klasik otomobillere olan tutkunun ba\u015flad\u0131\u011f\u0131n\u0131 ve klasik otomobil aktivitelerinin artt\u0131\u011f\u0131n\u0131 s\u00f6yleyebildi\u011fim i\u00e7in de \u00e7ok mutlu ve gururluyum. K\u0131z\u0131m ve ben T\u00fcrkiye\u2019deki klasik otomobil k\u00fclt\u00fcr\u00fcn\u00fcn b\u00fcy\u00fcmesinde biraz da olsa katk\u0131m\u0131z oldu\u011funu hissediyoruz. Bu otomobiller \u015fu an bize ait olsa da ger\u00e7ekte T\u00fcrkiye milli k\u00fclt\u00fcr\u00fcn\u00fcn bir par\u00e7as\u0131n\u0131 olu\u015fturuyorlar. M\u00fczemiz sadece otomobil koleksiyonu de\u011fil ayn\u0131 zamanda da yedek par\u00e7alar\u0131, gaz pompalar\u0131, \u0131\u015f\u0131kl\u0131 reklamlar\u0131 ile klasik otomobil k\u00fclt\u00fcr\u00fcn\u00fc yans\u0131t\u0131yor. 2000 y\u0131l\u0131nda kurdu\u011fumuz m\u00fczemizin 25. y\u0131l\u0131na giriyoruz. Bu s\u00fcre\u00e7ten b\u00fcy\u00fck bir keyif ald\u0131k ve \u00f6n\u00fcm\u00fczdeki y\u0131llarda da m\u00fczemizin b\u00fcy\u00fcyerek devam etmesini temenni ediyoruz.<\/p>\n\t\t<\/div>\n\t\t<div class=\"qodef-m-inner-bottom\">\n\t\t\t\t\t<\/div>\n\t<\/div>\n\t<div class=\"qodef-image-holder\">\n\t\t<div class=\"qodef-m-main-image\">\n\t<\/div>\n\t\t<div class=\"qodef-m-second-image\">\n\t<img decoding=\"async\" src=\"https:\/\/www.atamanmuseum.com\/wp-content\/uploads\/2024\/09\/2-1-1600x2000.jpg\" alt=\"\" width=\"1600\" height=\"2000\" \/><\/div>\n\t<\/div>\n<\/div>\n\t\t\t\t<\/div>\n\t\t\t\t<\/div>\n\t\t\t\t\t<\/div>\n\t\t\t\t<\/div>\n\t\t<div class=\"elementor-element elementor-element-fdb4e12 e-flex e-con-boxed e-con e-parent\" data-id=\"fdb4e12\" data-element_type=\"container\">\n\t\t\t\t\t<div class=\"e-con-inner\">\n\t\t\t\t<div class=\"elementor-element elementor-element-7a6a8a5 elementor-widget-divider--view-line elementor-widget elementor-widget-divider\" data-id=\"7a6a8a5\" data-element_type=\"widget\" data-widget_type=\"divider.default\">\n\t\t\t\t<div class=\"elementor-widget-container\">\n\t\t\t\t\t\t\t<div class=\"elementor-divider\">\n\t\t\t<span class=\"elementor-divider-separator\">\n\t\t\t\t\t\t<\/span>\n\t\t<\/div>\n\t\t\t\t\t\t<\/div>\n\t\t\t\t<\/div>\n\t\t\t\t\t<\/div>\n\t\t\t\t<\/div>\n\t\t<div class=\"elementor-element elementor-element-b01ff0f e-flex e-con-boxed e-con e-parent\" data-id=\"b01ff0f\" data-element_type=\"container\">\n\t\t\t\t\t<div class=\"e-con-inner\">\n\t\t\t\t<div class=\"elementor-element elementor-element-3e38a33 elementor-widget elementor-widget-qi_addons_for_elementor_dual_image_with_content\" data-id=\"3e38a33\" data-element_type=\"widget\" data-widget_type=\"qi_addons_for_elementor_dual_image_with_content.default\">\n\t\t\t\t<div class=\"elementor-widget-container\">\n\t\t\t\t\t<div class=\"qodef-shortcode qodef-m tite__red qodef-qi-dual-image-with-content qodef--content-left qodef-decoration--italic qodef-link--underline-draw qodef-qi--has-appear\">\n\t<div class=\"qodef-dual-content\">\n\t\t<div class=\"qodef-m-inner-content\">\n\t\t\t\t<h2 class=\"qodef-m-title\">\n\t\tAY\u015eE ATAMAN KE\u00c7EC\u0130\t<\/h2>\n\t\t\t\t<p class=\"qodef-m-text\">Koleksiyon yapmaya ba\u015flad\u0131\u011f\u0131m\u0131zda, ileride bunun bir m\u00fczeye d\u00f6n\u00fc\u015febilece\u011fi hi\u00e7 akl\u0131m\u0131z\u0131n ucundan bile ge\u00e7medi. Babam her zaman arabalar\u0131 sevmi\u015ftir. Koleksiyon \u00fcniversite mezuniyet hediyesi olan 1939 model bir Mercedes-Benz 170 V ile ba\u015flad\u0131. Onu \u00e7ok iyi hat\u0131rl\u0131yorum. Sar\u0131 ve siyah renklerine boyanm\u0131\u015ft\u0131; bir bal ar\u0131s\u0131n\u0131 and\u0131r\u0131yordu. Arabay\u0131 daha sonra par\u00e7alara ay\u0131rd\u0131k ve restorasyon s\u00fcrecine ba\u015flad\u0131k. Kimi iyi kimi k\u00f6t\u00fc bir\u00e7ok tamirci deneyiminden sonra \u015fekil almaya ba\u015flad\u0131. Bir yedek par\u00e7a katalo\u011funa ihtiyac\u0131m\u0131z vard\u0131. \u0130nternet olmad\u0131\u011f\u0131ndan Mercedes-Benz ar\u015fivlerine yazarak katalo\u011fu talep ettik. Aylar sonra bize yedek par\u00e7a katalo\u011funun bir mikro filmini g\u00f6nderdiler. Tabii mutlaka geri g\u00f6ndermemiz gerekti\u011fini belirten kat\u0131 talimatlarla birlikte! Mikrofilmin ne oldu\u011funu bilmeyecek kadar gen\u00e7 ve \u015fansl\u0131 olanlar i\u00e7in; mikrofilm, yans\u0131t\u0131labilen veya yazd\u0131r\u0131labilen bir siyah beyaz filmdir. Art\u0131k par\u00e7a katalo\u011funa sahip olunca sonraki ad\u0131ma ge\u00e7tik: par\u00e7alar\u0131n bulunmas\u0131! Yava\u015f yava\u015f daha fazla ara\u00e7 almaya ve onlar\u0131 restore etmeye ba\u015flad\u0131k. Sonraki ad\u0131m 1957 model bir 210 Chevrolet idi. Herkes onu bir Bel Air olarak restore etmemiz gerekti\u011fini s\u00f6ylesede babam ve ben orijinaline d\u00f6nmeye karar verdik. O zamandan beri b\u00fct\u00fcn ara\u00e7lar\u0131m\u0131z\u0131 orijinal teknik \u00f6zellikler, renk, i\u00e7 tasar\u0131m vb. \u00f6zelliklerine geri d\u00f6nd\u00fcrmek i\u00e7in \u00e7aba sarf ettik. Asla modifiye d\u00fc\u015fk\u00fcn\u00fc olmad\u0131k. K\u0131sa s\u00fcrede bir d\u00fczine arabaya ula\u015ft\u0131k ve art\u0131k onlar\u0131 koyacak bir yere ihtiyac\u0131m\u0131z vard\u0131. Tamir at\u00f6lyelerinin \u00e7o\u011funun bulundu\u011fu Sanayi Mahallesinde k\u00fc\u00e7\u00fck bir imalat binas\u0131n\u0131n giri\u015f kat\u0131n\u0131 kiralad\u0131k. Y\u00fcksek tavanl\u0131, end\u00fcstriyel g\u00f6r\u00fcn\u00fcml\u00fc \u00e7ok g\u00fczel bir yerdi. Arabalar harika g\u00f6r\u00fcn\u00fcyordu. Mekana zamanla tabii ki bir bar, m\u00fczik kutusu, e\u011flence alan\u0131 vb. ekledik. Arabalarla ve dostlarla vakit ge\u00e7irmek ve arabalar hakk\u0131nda konu\u015fmak i\u00e7in ideal bir mekan idi. <\/p>\n\t\t<\/div>\n\t\t<div class=\"qodef-m-inner-bottom\">\n\t\t\t\t\t<\/div>\n\t<\/div>\n\t<div class=\"qodef-image-holder\">\n\t\t<div class=\"qodef-m-main-image\">\n\t<\/div>\n\t\t<div class=\"qodef-m-second-image\">\n\t<img decoding=\"async\" width=\"576\" height=\"1024\" src=\"https:\/\/www.atamanmuseum.com\/wp-content\/uploads\/2024\/09\/3-576x1024.jpg\" class=\"attachment-large size-large\" alt=\"\" srcset=\"https:\/\/www.atamanmuseum.com\/wp-content\/uploads\/2024\/09\/3-576x1024.jpg 576w, https:\/\/www.atamanmuseum.com\/wp-content\/uploads\/2024\/09\/3-169x300.jpg 169w, https:\/\/www.atamanmuseum.com\/wp-content\/uploads\/2024\/09\/3-768x1365.jpg 768w, https:\/\/www.atamanmuseum.com\/wp-content\/uploads\/2024\/09\/3-864x1536.jpg 864w, https:\/\/www.atamanmuseum.com\/wp-content\/uploads\/2024\/09\/3-600x1067.jpg 600w, https:\/\/www.atamanmuseum.com\/wp-content\/uploads\/2024\/09\/3.jpg 1080w\" sizes=\"(max-width: 576px) 100vw, 576px\" \/><\/div>\n\t<\/div>\n<\/div>\n\t\t\t\t<\/div>\n\t\t\t\t<\/div>\n\t\t\t\t<div class=\"elementor-element elementor-element-0ce4024 elementor-widget elementor-widget-qi_addons_for_elementor_dual_image_with_content\" data-id=\"0ce4024\" data-element_type=\"widget\" data-widget_type=\"qi_addons_for_elementor_dual_image_with_content.default\">\n\t\t\t\t<div class=\"elementor-widget-container\">\n\t\t\t\t\t<div class=\"qodef-shortcode qodef-m qodef-qi-dual-image-with-content qodef--content-right qodef-decoration--italic qodef-link--underline-draw qodef-qi--has-appear\">\n\t<div class=\"qodef-dual-content\">\n\t\t<div class=\"qodef-m-inner-content\">\n\t\t\t\t\t\t\t<p class=\"qodef-m-text\">Bu s\u00fcre zarf\u0131nda T\u00fcrkiye Klasik Otomobil Kul\u00fcb\u00fcn\u00fcn kurulmas\u0131na yard\u0131mc\u0131 olduk. Yurt d\u0131\u015f\u0131nda a\u00e7\u0131k artt\u0131rmalara kat\u0131lmaya ba\u015flad\u0131k. Bazen heyecandan verdi\u011fimiz en iyi tekliflerin \u00fczerine teklif verdik! A\u00e7\u0131k artt\u0131rmalar vaktimizin \u00e7o\u011funu al\u0131yordu. Yaln\u0131zca araba de\u011fil gaz pompalar\u0131, eski tabelalar, neon tabelalar, oyuncak arabalar vs. gibi \u015feyleri de toplamaya ba\u015flad\u0131k. Nereye gitsek koleksiyonumuza bir \u015feyler eklemek birinci \u00f6nceli\u011fimizdi. Tabii zamanla \u2018Garaj\u2019 olarak adland\u0131rd\u0131\u011f\u0131m\u0131z mekan\u0131m\u0131z bize yetmemeye ba\u015flad\u0131 ve yeni bir yer aramaya karar verdik. Mekan aray\u0131\u015f\u0131m\u0131z uzun s\u00fcre devam etti. Koleksiyonu babam\u0131n memleketi olan Bodrum\u2019a g\u00f6t\u00fcr\u00fcp m\u00fczeyi orada a\u00e7may\u0131 bile d\u00fc\u015f\u00fcnd\u00fck. Son olarak Tarabya s\u0131rtlar\u0131ndaki \u015fu anki binam\u0131z\u0131 bulduk. \u0130n\u015faat\u0131 bitmemi\u015f bir depoydu. Bu depoyu 80\u2019den fazla arabadan olu\u015fan koleksiyonu sergileme amac\u0131yla in\u015fa edilmi\u015f bir m\u00fczeye d\u00f6n\u00fc\u015ft\u00fcrd\u00fck. 2000 y\u0131l\u0131n\u0131n bahar\u0131nda ta\u015f\u0131nd\u0131k. Ta\u015f\u0131nman\u0131n en g\u00fczel taraf\u0131 nakliyecilere de\u011fil yaln\u0131zca yetenekli s\u00fcr\u00fcc\u00fclere ihtiyac\u0131m\u0131z olmas\u0131yd\u0131. 2000 y\u0131l\u0131nda kap\u0131lar\u0131n\u0131 a\u00e7t\u0131\u011f\u0131m\u0131z ve 25. y\u0131l\u0131n\u0131 kutlad\u0131\u011f\u0131m\u0131z m\u00fczemiz, gencinden ya\u015fl\u0131s\u0131na her ya\u015ftan insan taraf\u0131ndan ziyaret edildi. Otomobil kul\u00fcpleri, otomobil heveslileri ya da yaln\u0131zca otomobillere bakmak isteyen herkes m\u00fczemizi ziyaret ediyor. M\u00fczemiz \u00e7ok say\u0131da organizasyona ev sahipli\u011fi yapt\u0131; fakat en \u00f6nemlisi koleksiyonumuzun g\u00f6r\u00fclmesini ve takdir edilmesini sa\u011flad\u0131. Bu koleksiyon, \u00e7o\u011fu koleksiyonlar gibi, bir a\u015fk ve adanm\u0131\u015fl\u0131\u011f\u0131n koleksiyonudur. Babamla birlikte olu\u015fturdu\u011fumuz bir koleksiyon oldu\u011fundan benim i\u00e7in \u00e7ok ayr\u0131 ve \u00f6zel bir yeri var. Koleksiyonu toplarken harika zaman ge\u00e7irdik, her dakikas\u0131ndan, hatta hayal k\u0131r\u0131kl\u0131klar\u0131 ya\u015fad\u0131\u011f\u0131m\u0131z anlardan bile keyif ald\u0131k ve koleksiyonumuzla ilgili bir \u00f6m\u00fcrden fazla s\u00fcrecek an\u0131lar\u0131m\u0131zoldu. <\/p>\n\t\t<\/div>\n\t\t<div class=\"qodef-m-inner-bottom\">\n\t\t\t\t\t<\/div>\n\t<\/div>\n\t<div class=\"qodef-image-holder\">\n\t\t<div class=\"qodef-m-main-image\">\n\t<\/div>\n\t\t<div class=\"qodef-m-second-image\">\n\t<img loading=\"lazy\" decoding=\"async\" width=\"576\" height=\"1024\" src=\"https:\/\/www.atamanmuseum.com\/wp-content\/uploads\/2024\/09\/4-576x1024.jpg\" class=\"attachment-large size-large\" alt=\"\" srcset=\"https:\/\/www.atamanmuseum.com\/wp-content\/uploads\/2024\/09\/4-576x1024.jpg 576w, https:\/\/www.atamanmuseum.com\/wp-content\/uploads\/2024\/09\/4-169x300.jpg 169w, https:\/\/www.atamanmuseum.com\/wp-content\/uploads\/2024\/09\/4-768x1365.jpg 768w, https:\/\/www.atamanmuseum.com\/wp-content\/uploads\/2024\/09\/4-864x1536.jpg 864w, https:\/\/www.atamanmuseum.com\/wp-content\/uploads\/2024\/09\/4-600x1067.jpg 600w, https:\/\/www.atamanmuseum.com\/wp-content\/uploads\/2024\/09\/4.jpg 1080w\" sizes=\"(max-width: 576px) 100vw, 576px\" \/><\/div>\n\t<\/div>\n<\/div>\n\t\t\t\t<\/div>\n\t\t\t\t<\/div>\n\t\t\t\t\t<\/div>\n\t\t\t\t<\/div>\n\t\t<div class=\"elementor-element elementor-element-69cd973 e-flex e-con-boxed e-con e-parent\" data-id=\"69cd973\" data-element_type=\"container\">\n\t\t\t\t\t<div class=\"e-con-inner\">\n\t\t\t\t<div class=\"elementor-element elementor-element-6b7725c elementor-widget elementor-widget-spacer\" data-id=\"6b7725c\" data-element_type=\"widget\" data-widget_type=\"spacer.default\">\n\t\t\t\t<div class=\"elementor-widget-container\">\n\t\t\t\t\t\t\t<div class=\"elementor-spacer\">\n\t\t\t<div class=\"elementor-spacer-inner\"><\/div>\n\t\t<\/div>\n\t\t\t\t\t\t<\/div>\n\t\t\t\t<\/div>\n\t\t\t\t<div class=\"elementor-element elementor-element-022df14 elementor-widget elementor-widget-qi_addons_for_elementor_blockquote\" data-id=\"022df14\" data-element_type=\"widget\" data-widget_type=\"qi_addons_for_elementor_blockquote.default\">\n\t\t\t\t<div class=\"elementor-widget-container\">\n\t\t\t\t\t<div class=\"qodef-shortcode qodef-m tite__red qodef-qi-blockquote qodef-layout--top qodef--icon-pack\">\n\t\t\t<div class=\"qodef-m-icon\">\n\t\t\t<svg aria-hidden=\"true\" class=\"e-font-icon-svg e-fas-quote-right\" viewBox=\"0 0 512 512\" xmlns=\"http:\/\/www.w3.org\/2000\/svg\"><path d=\"M464 32H336c-26.5 0-48 21.5-48 48v128c0 26.5 21.5 48 48 48h80v64c0 35.3-28.7 64-64 64h-8c-13.3 0-24 10.7-24 24v48c0 13.3 10.7 24 24 24h8c88.4 0 160-71.6 160-160V80c0-26.5-21.5-48-48-48zm-288 0H48C21.5 32 0 53.5 0 80v128c0 26.5 21.5 48 48 48h80v64c0 35.3-28.7 64-64 64h-8c-13.3 0-24 10.7-24 24v48c0 13.3 10.7 24 24 24h8c88.4 0 160-71.6 160-160V80c0-26.5-21.5-48-48-48z\"><\/path><\/svg>\t\t<\/div>\n\t\t\t\t<h4 class=\"qodef-m-text\">\n\t\t\t\u201cUral Ataman Klasik Otomobil M\u00fczesi, klasik otomobil merakl\u0131lar\u0131 i\u00e7in bir cennettir. Zengin koleksiyonuyla \u00f6ne \u00e7\u0131kan bu m\u00fcze, otomotiv tarihine \u0131\u015f\u0131k tutmakta ve ziyaret\u00e7ilerine unutulmaz bir deneyim sunmaktad\u0131r.\u201d \t\t<\/h4>\n\t<\/div>\n\t\t\t\t<\/div>\n\t\t\t\t<\/div>\n\t\t\t\t<div class=\"elementor-element elementor-element-83fcfc4 elementor-widget elementor-widget-spacer\" data-id=\"83fcfc4\" data-element_type=\"widget\" data-widget_type=\"spacer.default\">\n\t\t\t\t<div class=\"elementor-widget-container\">\n\t\t\t\t\t\t\t<div class=\"elementor-spacer\">\n\t\t\t<div class=\"elementor-spacer-inner\"><\/div>\n\t\t<\/div>\n\t\t\t\t\t\t<\/div>\n\t\t\t\t<\/div>\n\t\t\t\t\t<\/div>\n\t\t\t\t<\/div>\n\t\t\t\t<\/div>\n\t\t","protected":false},"excerpt":{"rendered":"<p>Hakk\u0131m\u0131zda URAL ATAMAN Otomobil sevdam 1937 y\u0131l\u0131nda babam ilk \u201c1937 model Ford Deluxe 4 kap\u0131l\u0131 sedan\u201d otomobilini sat\u0131n ald\u0131\u011f\u0131nda ba\u015flad\u0131. Bodrum\u2019da il\u00e7enin tek doktoru ve Belediye Ba\u015fkan\u0131 olan babam\u0131n kulland\u0131\u011f\u0131 ilk arabayd\u0131. O zamanlar 3 ya\u015f\u0131ndayd\u0131m. S\u00fcr\u00fcc\u00fc koltu\u011funa oturup direksiyonu tuttu\u011fumu ve arac\u0131n g\u00f6sterge paneline hayranl\u0131kla bakt\u0131\u011f\u0131m\u0131 hat\u0131rl\u0131yorum, bana g\u00f6re b\u00fcy\u00fc denen \u015fey buydu. Y\u0131llar [&hellip;]<\/p>\n","protected":false},"author":1,"featured_media":0,"parent":0,"menu_order":0,"comment_status":"closed","ping_status":"closed","template":"page-full-width.php","meta":{"footnotes":""},"class_list":["post-9107","page","type-page","status-publish","hentry"],"_links":{"self":[{"href":"https:\/\/www.atamanmuseum.com\/tr\/wp-json\/wp\/v2\/pages\/9107","targetHints":{"allow":["GET"]}}],"collection":[{"href":"https:\/\/www.atamanmuseum.com\/tr\/wp-json\/wp\/v2\/pages"}],"about":[{"href":"https:\/\/www.atamanmuseum.com\/tr\/wp-json\/wp\/v2\/types\/page"}],"author":[{"embeddable":true,"href":"https:\/\/www.atamanmuseum.com\/tr\/wp-json\/wp\/v2\/users\/1"}],"replies":[{"embeddable":true,"href":"https:\/\/www.atamanmuseum.com\/tr\/wp-json\/wp\/v2\/comments?post=9107"}],"version-history":[{"count":52,"href":"https:\/\/www.atamanmuseum.com\/tr\/wp-json\/wp\/v2\/pages\/9107\/revisions"}],"predecessor-version":[{"id":10077,"href":"https:\/\/www.atamanmuseum.com\/tr\/wp-json\/wp\/v2\/pages\/9107\/revisions\/10077"}],"wp:attachment":[{"href":"https:\/\/www.atamanmuseum.com\/tr\/wp-json\/wp\/v2\/media?parent=9107"}],"curies":[{"name":"wp","href":"https:\/\/api.w.org\/{rel}","templated":true}]}}