{"id":9122,"date":"2023-06-02T11:09:45","date_gmt":"2023-06-02T15:09:45","guid":{"rendered":"http:\/\/atamanmuseum.com\/lokasyonlarimiz\/"},"modified":"2026-01-14T04:31:05","modified_gmt":"2026-01-14T08:31:05","slug":"lokasyonlarimiz","status":"publish","type":"page","link":"https:\/\/www.atamanmuseum.com\/tr\/lokasyonlarimiz\/","title":{"rendered":"SALONLARIMIZ"},"content":{"rendered":"\t\t<div data-elementor-type=\"wp-page\" data-elementor-id=\"9122\" class=\"elementor elementor-9122 elementor-2333\">\n\t\t\t\t<div class=\"elementor-element elementor-element-976de89 e-con-full e-flex e-con e-parent\" data-id=\"976de89\" data-element_type=\"container\">\n\t\t<div class=\"elementor-element elementor-element-ac02617 e-con-full e-flex e-con e-child\" data-id=\"ac02617\" data-element_type=\"container\">\n\t\t\t\t<div class=\"elementor-element elementor-element-e916731 tite__red elementor-widget elementor-widget-text-editor\" data-id=\"e916731\" data-element_type=\"widget\" data-widget_type=\"text-editor.default\">\n\t\t\t\t<div class=\"elementor-widget-container\">\n\t\t\t\t\t\t\t\t\t<h1><b>SALONLARIMIZ<\/b><\/h1>\n\t\t\t\t\t\t\t\t<\/div>\n\t\t\t\t<\/div>\n\t\t\t\t<\/div>\n\t\t\t\t<\/div>\n\t\t<div class=\"elementor-element elementor-element-4c31d5a e-flex e-con-boxed e-con e-parent\" data-id=\"4c31d5a\" data-element_type=\"container\">\n\t\t\t\t\t<div class=\"e-con-inner\">\n\t\t<div class=\"elementor-element elementor-element-cbb2ee0 e-con-full e-flex e-con e-child\" data-id=\"cbb2ee0\" data-element_type=\"container\">\n\t\t\t\t<div class=\"elementor-element elementor-element-f088b51 elementor-widget elementor-widget-text-editor\" data-id=\"f088b51\" data-element_type=\"widget\" data-widget_type=\"text-editor.default\">\n\t\t\t\t<div class=\"elementor-widget-container\">\n\t\t\t\t\t\t\t\t\t<h6>Her ad\u0131mda yenilik, zarafet ve tutkunun zaman\u0131n \u00f6tesinde bir anlat\u0131s\u0131n\u0131 g\u00f6zler \u00f6n\u00fcne seren Ural Ataman Klasik Otomobil M\u00fczesi\u2019nde otomotiv tarihinde s\u00fcr\u00fckleyici bir yolculu\u011fa \u00e7\u0131k\u0131n.<br \/>Henry Ford\u2019un 1903 y\u0131l\u0131nda devrim yaratan montaj hatt\u0131 tekni\u011finin ortaya \u00e7\u0131k\u0131\u015f\u0131ndan bu yana bu ikonik destinasyon, zaman\u0131n dokusunda silinmez bir iz b\u0131rakan klasik otomobil merakl\u0131lar\u0131 i\u00e7in bir yol g\u00f6sterici olmu\u015ftur.<\/h6>\n<h6>\u00d6zenle se\u00e7ilmi\u015f koleksiyon aras\u0131nda dola\u015f\u0131rken, her biri ya\u015fanm\u0131\u015fl\u0131k ve ustal\u0131k d\u00f6nemine tan\u0131kl\u0131k eden b\u00fcy\u00fcleyici bir\u00e7ok de\u011ferli eserle kar\u015f\u0131la\u015facaks\u0131n\u0131z. \u0130konik Model T\u2019den klasik spor arabalar\u0131n \u015f\u0131k k\u0131vr\u0131mlar\u0131na kadar her ara\u00e7, sizi zaman\u0131n \u00f6tesinde bir yolculu\u011fa \u00e7\u0131karacak.<\/h6>\n<h6>Ancak Ural Ataman Klasik Otomobil M\u00fczesi, otomotiv harikalar\u0131n\u0131n sergilendi\u011fi bir vitrinden \u00e7ok daha fazlas\u0131; <\/h6>\n<h6>otomobilin evrimini tan\u0131mlayan \u00f6zg\u00fcrl\u00fck, bireysellik ve s\u0131n\u0131rs\u0131z yarat\u0131c\u0131l\u0131k ruhunun ya\u015fayan bir kan\u0131t\u0131d\u0131r. Burada, cilal\u0131 krom ve p\u0131r\u0131l p\u0131r\u0131l boyalar\u0131n aras\u0131nda, geleneklere meydan okumaya ve m\u00fcmk\u00fcn olan\u0131n s\u0131n\u0131rlar\u0131n\u0131 zorlamaya cesaret eden yenilik\u00e7ilerin ve vizyonerlerin hikayelerini ke\u015ffedeceksiniz. <\/h6>\n\t\t\t\t\t\t\t\t<\/div>\n\t\t\t\t<\/div>\n\t\t\t\t<\/div>\n\t\t<div class=\"elementor-element elementor-element-1bdc874 e-con-full e-flex e-con e-child\" data-id=\"1bdc874\" data-element_type=\"container\">\n\t\t<div class=\"elementor-element elementor-element-7afcf7e e-flex e-con-boxed e-con e-child\" data-id=\"7afcf7e\" data-element_type=\"container\">\n\t\t\t\t\t<div class=\"e-con-inner\">\n\t\t\t\t<div class=\"elementor-element elementor-element-fdf10e7 elementor-widget elementor-widget-image\" data-id=\"fdf10e7\" data-element_type=\"widget\" data-widget_type=\"image.default\">\n\t\t\t\t<div class=\"elementor-widget-container\">\n\t\t\t\t\t\t\t\t\t\t\t\t\t\t\t<img fetchpriority=\"high\" decoding=\"async\" width=\"650\" height=\"650\" src=\"https:\/\/www.atamanmuseum.com\/wp-content\/uploads\/2023\/07\/27-650x650.jpg\" class=\"attachment-qi_addons_for_elementor_image_size_square size-qi_addons_for_elementor_image_size_square wp-image-8719\" alt=\"\" srcset=\"https:\/\/www.atamanmuseum.com\/wp-content\/uploads\/2023\/07\/27-650x650.jpg 650w, https:\/\/www.atamanmuseum.com\/wp-content\/uploads\/2023\/07\/27-150x150.jpg 150w, https:\/\/www.atamanmuseum.com\/wp-content\/uploads\/2023\/07\/27-1300x1300.jpg 1300w, https:\/\/www.atamanmuseum.com\/wp-content\/uploads\/2023\/07\/27-300x300.jpg 300w, https:\/\/www.atamanmuseum.com\/wp-content\/uploads\/2023\/07\/27-100x100.jpg 100w\" sizes=\"(max-width: 650px) 100vw, 650px\" \/>\t\t\t\t\t\t\t\t\t\t\t\t\t\t\t<\/div>\n\t\t\t\t<\/div>\n\t\t\t\t\t<\/div>\n\t\t\t\t<\/div>\n\t\t<div class=\"elementor-element elementor-element-70e8fca e-flex e-con-boxed e-con e-child\" data-id=\"70e8fca\" data-element_type=\"container\">\n\t\t\t\t\t<div class=\"e-con-inner\">\n\t\t\t\t\t<\/div>\n\t\t\t\t<\/div>\n\t\t\t\t<\/div>\n\t\t\t\t\t<\/div>\n\t\t\t\t<\/div>\n\t\t<div class=\"elementor-element elementor-element-bcb69bd e-flex e-con-boxed e-con e-parent\" data-id=\"bcb69bd\" data-element_type=\"container\">\n\t\t\t\t\t<div class=\"e-con-inner\">\n\t\t\t\t\t<\/div>\n\t\t\t\t<\/div>\n\t\t<div class=\"elementor-element elementor-element-01df68d e-flex e-con-boxed e-con e-parent\" data-id=\"01df68d\" data-element_type=\"container\">\n\t\t\t\t\t<div class=\"e-con-inner\">\n\t\t<div class=\"elementor-element elementor-element-2503923 e-con-full e-flex e-con e-child\" data-id=\"2503923\" data-element_type=\"container\">\n\t\t\t\t<div class=\"elementor-element elementor-element-4b62c2b elementor-widget elementor-widget-image\" data-id=\"4b62c2b\" data-element_type=\"widget\" data-widget_type=\"image.default\">\n\t\t\t\t<div class=\"elementor-widget-container\">\n\t\t\t\t\t\t\t\t\t\t\t\t\t\t\t<img decoding=\"async\" width=\"650\" height=\"650\" src=\"https:\/\/www.atamanmuseum.com\/wp-content\/uploads\/2023\/07\/47-650x650.jpg\" class=\"attachment-qi_addons_for_elementor_image_size_square size-qi_addons_for_elementor_image_size_square wp-image-8702\" alt=\"\" srcset=\"https:\/\/www.atamanmuseum.com\/wp-content\/uploads\/2023\/07\/47-650x650.jpg 650w, https:\/\/www.atamanmuseum.com\/wp-content\/uploads\/2023\/07\/47-150x150.jpg 150w, https:\/\/www.atamanmuseum.com\/wp-content\/uploads\/2023\/07\/47-300x300.jpg 300w, https:\/\/www.atamanmuseum.com\/wp-content\/uploads\/2023\/07\/47-100x100.jpg 100w\" sizes=\"(max-width: 650px) 100vw, 650px\" \/>\t\t\t\t\t\t\t\t\t\t\t\t\t\t\t<\/div>\n\t\t\t\t<\/div>\n\t\t\t\t<\/div>\n\t\t<div class=\"elementor-element elementor-element-d9de707 e-con-full e-flex e-con e-child\" data-id=\"d9de707\" data-element_type=\"container\">\n\t\t\t\t<div class=\"elementor-element elementor-element-ca3d1bd tite__red elementor-widget elementor-widget-text-editor\" data-id=\"ca3d1bd\" data-element_type=\"widget\" data-widget_type=\"text-editor.default\">\n\t\t\t\t<div class=\"elementor-widget-container\">\n\t\t\t\t\t\t\t\t\t<h3><b>Hizmetlerimiz <\/b><\/h3>\n<ul>\n<li><b>Kurumsal Toplant\u0131lar  Kutlamalar<\/b><\/li>\n<li><b>\u00dcr\u00fcn Lansmanlar\u0131<\/b><\/li>\n<li><b>\u0130\u015f Geli\u015ftirme Etkinlikleri<\/b><\/li>\n<li><b>\u00d6zel Davetler<\/b><\/li>\n<li><b>Seminerler ve Konferanslar<\/b><\/li>\n<li><b>\u015eirket \u0130\u00e7i E\u011fitimler&nbsp;<\/b><\/li>\n<li><b>Y\u00f6netim Kurulu Toplant\u0131lar\u0131<\/b><\/li>\n<li><b>Resepsiyon &nbsp;Gala Yemekleri<\/b><\/li>\n<li><b>Konserler<\/b><\/li>\n<li><b>\u00d6d\u00fcl T\u00f6renleri<\/b><\/li>\n<li><b>Nikah D\u00fc\u011f\u00fcn T\u00f6renleri ve Y\u0131ld\u00f6n\u00fcmleri<\/b><\/li>\n<\/ul>\n<h6>L\u00fcks\u00fcn tarihle bulu\u015ftu\u011fu ve kusursuz hizmetin sizi bekledi\u011fi Ural Ataman Klasik Otomobil M\u00fczesi\u2019ne ho\u015f geldiniz. Kurumsal toplant\u0131lar, \u00f6zel ak\u015fam yemekleri, kokteyller, unutulmaz do\u011fum g\u00fcn\u00fc kutlamalar\u0131 veya herhangi bir \u00f6zel etkinlik i\u00e7in mekan arayanlara beklentilerin \u00f6tesinde \u00f6zel bir deneyim sunuyoruz. Tecr\u00fcbeli ekibimiz, \u00f6zel etkinlik planlamas\u0131ndan se\u00e7kin ikram se\u00e7eneklerine kadar her detay\u0131n kusursuz bir \u015fekilde y\u00fcr\u00fct\u00fclmesini sa\u011fl\u0131yor. \u00dcst d\u00fczey hizmet ve misafirperverli\u011fin tad\u0131n\u0131 \u00e7\u0131kar\u0131rken kendinizi klasik otomobillerin zamans\u0131z cazibesine b\u0131rakabilece\u011finiz m\u00fczemizde, etkinli\u011finiz zarafet ve sofistike bir ba\u015fyap\u0131t haline gelir.    <\/h6>\t\t\t\t\t\t\t\t<\/div>\n\t\t\t\t<\/div>\n\t\t\t\t<\/div>\n\t\t\t\t\t<\/div>\n\t\t\t\t<\/div>\n\t\t<div class=\"elementor-element elementor-element-bb36f2f e-flex e-con-boxed e-con e-parent\" data-id=\"bb36f2f\" data-element_type=\"container\">\n\t\t\t\t\t<div class=\"e-con-inner\">\n\t\t\t\t<div class=\"elementor-element elementor-element-5ae13ca elementor-widget-divider--view-line elementor-widget elementor-widget-divider\" data-id=\"5ae13ca\" data-element_type=\"widget\" data-widget_type=\"divider.default\">\n\t\t\t\t<div class=\"elementor-widget-container\">\n\t\t\t\t\t\t\t<div class=\"elementor-divider\">\n\t\t\t<span class=\"elementor-divider-separator\">\n\t\t\t\t\t\t<\/span>\n\t\t<\/div>\n\t\t\t\t\t\t<\/div>\n\t\t\t\t<\/div>\n\t\t\t\t\t<\/div>\n\t\t\t\t<\/div>\n\t\t<div class=\"elementor-element elementor-element-fd48c1d e-flex e-con-boxed e-con e-parent\" data-id=\"fd48c1d\" data-element_type=\"container\">\n\t\t\t\t\t<div class=\"e-con-inner\">\n\t\t<div class=\"elementor-element elementor-element-f2899e8 e-con-full e-flex e-con e-child\" data-id=\"f2899e8\" data-element_type=\"container\">\n\t\t\t\t<div class=\"elementor-element elementor-element-56c6eeb elementor-widget elementor-widget-image\" data-id=\"56c6eeb\" data-element_type=\"widget\" data-widget_type=\"image.default\">\n\t\t\t\t<div class=\"elementor-widget-container\">\n\t\t\t\t\t\t\t\t\t\t\t\t\t\t\t<img decoding=\"async\" width=\"650\" height=\"433\" src=\"https:\/\/www.atamanmuseum.com\/wp-content\/uploads\/2024\/09\/1-3-1.jpg\" class=\"attachment-qi_addons_for_elementor_image_size_square size-qi_addons_for_elementor_image_size_square wp-image-9812\" alt=\"\" \/>\t\t\t\t\t\t\t\t\t\t\t\t\t\t\t<\/div>\n\t\t\t\t<\/div>\n\t\t\t\t<\/div>\n\t\t<div class=\"elementor-element elementor-element-7ce0fdb e-con-full e-flex e-con e-child\" data-id=\"7ce0fdb\" data-element_type=\"container\">\n\t\t\t\t<div class=\"elementor-element elementor-element-d84433e tite__red elementor-widget elementor-widget-text-editor\" data-id=\"d84433e\" data-element_type=\"widget\" data-widget_type=\"text-editor.default\">\n\t\t\t\t<div class=\"elementor-widget-container\">\n\t\t\t\t\t\t\t\t\t<h3><b>Amerikan Salon<\/b><\/h3>\n<h6>M\u00fczenin giri\u015finde b\u00fcy\u00fcleyici bir e\u015fik olan A1 Salonumuz, konuklar\u0131 retro bir atmosfere davet ediyor. 1920\u2019den 1970\u2019e kadar Amerikan otomobillerinin 480 m2\u2019lik bir alanda sergilendi\u011fi \u201cDiner\u201d kat\u0131, \u00e7e\u015fitli etkinlikler i\u00e7in m\u00fckemmel bir se\u00e7enek. A1 Salonumuzdaki nostaljik \u201cAmerikan Bar\u201d mekan\u0131n cazibesine katk\u0131da bulunurken, yemek d\u00fczeninde 300 ki\u015fi, kokteyl d\u00fczeninde 500 ki\u015fiye kadar hizmet se\u00e7eneklerimiz de mekan\u0131 toplant\u0131lar\u0131n\u0131z i\u00e7in ideal k\u0131lmakta. ve rafine yemeklerden okteyl resepsiyonlar\u0131na kadar unutulmaz anlar i\u00e7in sofistike bir ortam sunmakta. Her biri otomobil i\u015f\u00e7ili\u011finin kan\u0131t\u0131 de\u011ferli klasik otomobil koleksiyonu da arkada sakl\u0131.    <\/p>\n\t\t\t\t\t\t\t\t<\/div>\n\t\t\t\t<\/div>\n\t\t\t\t<\/div>\n\t\t\t\t\t<\/div>\n\t\t\t\t<\/div>\n\t\t<div class=\"elementor-element elementor-element-e1863eb e-flex e-con-boxed e-con e-parent\" data-id=\"e1863eb\" data-element_type=\"container\">\n\t\t\t\t\t<div class=\"e-con-inner\">\n\t\t<div class=\"elementor-element elementor-element-d44a5c5 e-con-full e-flex e-con e-child\" data-id=\"d44a5c5\" data-element_type=\"container\">\n\t\t\t\t<div class=\"elementor-element elementor-element-3be70e1 tite__red elementor-widget elementor-widget-text-editor\" data-id=\"3be70e1\" data-element_type=\"widget\" data-widget_type=\"text-editor.default\">\n\t\t\t\t<div class=\"elementor-widget-container\">\n\t\t\t\t\t\t\t\t\t<h3><b>G\u00fcverte<\/b><\/h3>\n<h6>M\u00fczenin geni\u015f \u201cG\u00fcverte\u201dsi say\u0131s\u0131z konfig\u00fcrasyona uyarlanabilen \u00e7ok y\u00f6nl\u00fcl\u00fck ve zarafetin \u00f6z\u00fcd\u00fcr. \u00d6ncelikli olarak teatral d\u00fczenlemelere ev sahipli\u011fi yapmak \u00fczere tasarlanan salon, etkin tan\u0131t\u0131m toplant\u0131lar\u0131, ayd\u0131nlat\u0131c\u0131 seminerler, g\u00f6rkemli \u00fcr\u00fcn lansmanlar\u0131, verimli e\u011fitim oturumlar\u0131 i\u00e7in ideal bir ortam olu\u015fturmaktad\u0131r.  <\/h6>\n<h6>Do\u011fu\u015ftan gelen cazibesi sanatsal sergi alan\u0131n\u0131 da kucaklamakta; yarat\u0131c\u0131l\u0131\u011f\u0131n ve ifadenin ortaya \u00e7\u0131kmas\u0131 i\u00e7in ilham kayna\u011f\u0131 olu\u015fturmaktad\u0131r. <\/h6>\n<h6>Yakla\u015f\u0131k 400 m\u00b2\u2019lik geni\u015f bir alana yay\u0131lan sergi salonu, di\u011fer salonlar etkinliklerin cazibesine teslim oldu\u011funda otomotiv harikalar\u0131n\u0131n \u00f6n plana \u00e7\u0131kabilece\u011fi bir ihti\u015fam alan\u0131n\u0131 temsil etmektedir.<\/h6>\n\t\t\t\t\t\t\t\t<\/div>\n\t\t\t\t<\/div>\n\t\t\t\t<\/div>\n\t\t<div class=\"elementor-element elementor-element-9229def e-con-full e-flex e-con e-child\" data-id=\"9229def\" data-element_type=\"container\">\n\t\t<div class=\"elementor-element elementor-element-65433b9 e-flex e-con-boxed e-con e-child\" data-id=\"65433b9\" data-element_type=\"container\">\n\t\t\t\t\t<div class=\"e-con-inner\">\n\t\t\t\t<div class=\"elementor-element elementor-element-81adcee elementor-widget elementor-widget-image\" data-id=\"81adcee\" data-element_type=\"widget\" data-widget_type=\"image.default\">\n\t\t\t\t<div class=\"elementor-widget-container\">\n\t\t\t\t\t\t\t\t\t\t\t\t\t\t\t<img loading=\"lazy\" decoding=\"async\" width=\"650\" height=\"650\" src=\"https:\/\/www.atamanmuseum.com\/wp-content\/uploads\/2023\/07\/34-650x650.jpg\" class=\"attachment-qi_addons_for_elementor_image_size_square size-qi_addons_for_elementor_image_size_square wp-image-8714\" alt=\"\" srcset=\"https:\/\/www.atamanmuseum.com\/wp-content\/uploads\/2023\/07\/34-650x650.jpg 650w, https:\/\/www.atamanmuseum.com\/wp-content\/uploads\/2023\/07\/34-150x150.jpg 150w, https:\/\/www.atamanmuseum.com\/wp-content\/uploads\/2023\/07\/34-1300x1300.jpg 1300w, https:\/\/www.atamanmuseum.com\/wp-content\/uploads\/2023\/07\/34-300x300.jpg 300w, https:\/\/www.atamanmuseum.com\/wp-content\/uploads\/2023\/07\/34-100x100.jpg 100w\" sizes=\"(max-width: 650px) 100vw, 650px\" \/>\t\t\t\t\t\t\t\t\t\t\t\t\t\t\t<\/div>\n\t\t\t\t<\/div>\n\t\t\t\t\t<\/div>\n\t\t\t\t<\/div>\n\t\t<div class=\"elementor-element elementor-element-2348998 e-flex e-con-boxed e-con e-child\" data-id=\"2348998\" data-element_type=\"container\">\n\t\t\t\t\t<div class=\"e-con-inner\">\n\t\t\t\t\t<\/div>\n\t\t\t\t<\/div>\n\t\t\t\t<\/div>\n\t\t\t\t\t<\/div>\n\t\t\t\t<\/div>\n\t\t<div class=\"elementor-element elementor-element-ed8ac62 e-flex e-con-boxed e-con e-parent\" data-id=\"ed8ac62\" data-element_type=\"container\">\n\t\t\t\t\t<div class=\"e-con-inner\">\n\t\t<div class=\"elementor-element elementor-element-da17a25 e-con-full e-flex e-con e-child\" data-id=\"da17a25\" data-element_type=\"container\">\n\t\t\t\t<div class=\"elementor-element elementor-element-cb0303f elementor-widget elementor-widget-image\" data-id=\"cb0303f\" data-element_type=\"widget\" data-widget_type=\"image.default\">\n\t\t\t\t<div class=\"elementor-widget-container\">\n\t\t\t\t\t\t\t\t\t\t\t\t\t\t\t<img loading=\"lazy\" decoding=\"async\" width=\"650\" height=\"650\" src=\"https:\/\/www.atamanmuseum.com\/wp-content\/uploads\/2023\/07\/21-650x650.jpg\" class=\"attachment-qi_addons_for_elementor_image_size_square size-qi_addons_for_elementor_image_size_square wp-image-8723\" alt=\"\" srcset=\"https:\/\/www.atamanmuseum.com\/wp-content\/uploads\/2023\/07\/21-650x650.jpg 650w, https:\/\/www.atamanmuseum.com\/wp-content\/uploads\/2023\/07\/21-150x150.jpg 150w, https:\/\/www.atamanmuseum.com\/wp-content\/uploads\/2023\/07\/21-1300x1300.jpg 1300w, https:\/\/www.atamanmuseum.com\/wp-content\/uploads\/2023\/07\/21-300x300.jpg 300w, https:\/\/www.atamanmuseum.com\/wp-content\/uploads\/2023\/07\/21-100x100.jpg 100w\" sizes=\"(max-width: 650px) 100vw, 650px\" \/>\t\t\t\t\t\t\t\t\t\t\t\t\t\t\t<\/div>\n\t\t\t\t<\/div>\n\t\t\t\t<\/div>\n\t\t<div class=\"elementor-element elementor-element-6aaf74f e-con-full e-flex e-con e-child\" data-id=\"6aaf74f\" data-element_type=\"container\">\n\t\t\t\t<div class=\"elementor-element elementor-element-9d06d87 tite__red elementor-widget elementor-widget-text-editor\" data-id=\"9d06d87\" data-element_type=\"widget\" data-widget_type=\"text-editor.default\">\n\t\t\t\t<div class=\"elementor-widget-container\">\n\t\t\t\t\t\t\t\t\t<h3><b>Avrupa Salonu  <\/b><\/h3>\n<h6>Sadece Avrupa Klasiklerinin sergilenmesi i\u00e7in ayr\u0131lm\u0131\u015f olan sayg\u0131n B1 Salonumuzun s\u0131n\u0131rlar\u0131 i\u00e7erisinde Alman, Frans\u0131z, \u0130ngiliz ve italyan otomobilleri sergilenmekte. <\/h6>\n<h6>Avrupa zarafetinin hazineleriyle titizlikle bezenmi\u015f bu g\u00f6steri\u015fli salon, gastronomik lezzetler ve keyifli toplant\u0131lar\u0131n\u0131z i\u00e7in bi\u00e7ilmi\u015f kaftand\u0131r. \u00c7ok y\u00f6nl\u00fc d\u00fczeniyle Avrupa Salonu, hem oturmal\u0131 ziyafetlere hem de co\u015fkulu kokteyllere zarif bir \u015fekilde ev sahipli\u011fi yapar. Dahas\u0131, avlu ve teras\u0131n kusursuz entegrasyonu, t\u00fcm etkinlikleriniz i\u00e7in b\u00fcy\u00fcleyici bir ortam olu\u015fturmaktad\u0131r. <\/h6>\n<h6>Zaman\u0131n \u00f6tesinde bir ihti\u015fam ve sofistike bir his uyand\u0131rmak i\u00e7in her detay\u0131n titizlikle haz\u0131rlan\u0131p korundu\u011fu 400m\u00b2\u2019ye yay\u0131lan bu g\u00f6z kama\u015ft\u0131r\u0131c\u0131 mekan, oturmal\u0131 yemeklerde 200, kokteyllerde ise 400 ki\u015fiye kadar hizmet vermekte ve rafine Avrupa cazibesinin bir kan\u0131t\u0131 olarak durmaktad\u0131r. <\/h6>\n<h6>Avrupa klasiklerinin cazibesinin keyifli bir ortam\u0131n \u00f6z\u00fcyle kusursuz bir \u015fekilde i\u00e7 i\u00e7e ge\u00e7ti\u011fi bir d\u00fcnyaya ad\u0131m at\u0131n ve B-1 Salonumuzda kendinizi benzersiz bir l\u00fcks ve zarafet deneyimine b\u0131rak\u0131n.<\/h6>\t\t\t\t\t\t\t\t<\/div>\n\t\t\t\t<\/div>\n\t\t\t\t<\/div>\n\t\t\t\t\t<\/div>\n\t\t\t\t<\/div>\n\t\t<div class=\"elementor-element elementor-element-d87b415 e-flex e-con-boxed e-con e-parent\" data-id=\"d87b415\" data-element_type=\"container\">\n\t\t\t\t\t<div class=\"e-con-inner\">\n\t\t<div class=\"elementor-element elementor-element-e94e8c6 e-con-full e-flex e-con e-child\" data-id=\"e94e8c6\" data-element_type=\"container\">\n\t\t\t\t<div class=\"elementor-element elementor-element-3eb8fe1 tite__red elementor-widget elementor-widget-text-editor\" data-id=\"3eb8fe1\" data-element_type=\"widget\" data-widget_type=\"text-editor.default\">\n\t\t\t\t<div class=\"elementor-widget-container\">\n\t\t\t\t\t\t\t\t\t<h3><b>Avlu <\/b><\/h3>\n<h6>Avlu, B1 ve B2 Salonlar\u0131m\u0131z\u0131n kar\u015f\u0131s\u0131nda, bahar ve yaz aylar\u0131ndaki a\u00e7\u0131k hava etkinliklerinize ev sahipli\u011fi yapabilecek keyifli bir mekan olarak sizi kar\u015f\u0131lamaktad\u0131r. <\/h6>\n<h6>Avlu, 200 m\u00b2\u2019ye yay\u0131lan geni\u015fli\u011fiyle, oturmal\u0131 yemeklerde 150, kokteyllerde ise 200\u2019e kadar se\u00e7kin konu\u011fu a\u011f\u0131rlamaya haz\u0131rd\u0131r.  <\/h6>\n<h6>Kurumsal bulu\u015fmalar\u0131n\u0131z i\u00e7in ku\u015f sesleri e\u015fli\u011finde bir mola ve dinlenme alan\u0131 olarak hizmet vermektedir.<\/h6>\t\t\t\t\t\t\t\t<\/div>\n\t\t\t\t<\/div>\n\t\t\t\t<\/div>\n\t\t<div class=\"elementor-element elementor-element-e3a7e66 e-con-full e-flex e-con e-child\" data-id=\"e3a7e66\" data-element_type=\"container\">\n\t\t<div class=\"elementor-element elementor-element-f7cf6e5 e-flex e-con-boxed e-con e-child\" data-id=\"f7cf6e5\" data-element_type=\"container\">\n\t\t\t\t\t<div class=\"e-con-inner\">\n\t\t\t\t<div class=\"elementor-element elementor-element-c01ac5a elementor-widget elementor-widget-image\" data-id=\"c01ac5a\" data-element_type=\"widget\" data-widget_type=\"image.default\">\n\t\t\t\t<div class=\"elementor-widget-container\">\n\t\t\t\t\t\t\t\t\t\t\t\t\t\t\t<img loading=\"lazy\" decoding=\"async\" width=\"650\" height=\"650\" src=\"https:\/\/www.atamanmuseum.com\/wp-content\/uploads\/2024\/04\/etkinlik10-650x650.png\" class=\"attachment-qi_addons_for_elementor_image_size_square size-qi_addons_for_elementor_image_size_square wp-image-8748\" alt=\"\" srcset=\"https:\/\/www.atamanmuseum.com\/wp-content\/uploads\/2024\/04\/etkinlik10-650x650.png 650w, https:\/\/www.atamanmuseum.com\/wp-content\/uploads\/2024\/04\/etkinlik10-150x150.png 150w, https:\/\/www.atamanmuseum.com\/wp-content\/uploads\/2024\/04\/etkinlik10-300x300.png 300w, https:\/\/www.atamanmuseum.com\/wp-content\/uploads\/2024\/04\/etkinlik10-100x100.png 100w\" sizes=\"(max-width: 650px) 100vw, 650px\" \/>\t\t\t\t\t\t\t\t\t\t\t\t\t\t\t<\/div>\n\t\t\t\t<\/div>\n\t\t\t\t\t<\/div>\n\t\t\t\t<\/div>\n\t\t<div class=\"elementor-element elementor-element-095a3e7 e-flex e-con-boxed e-con e-child\" data-id=\"095a3e7\" data-element_type=\"container\">\n\t\t\t\t\t<div class=\"e-con-inner\">\n\t\t\t\t\t<\/div>\n\t\t\t\t<\/div>\n\t\t\t\t<\/div>\n\t\t\t\t\t<\/div>\n\t\t\t\t<\/div>\n\t\t\t\t<\/div>\n\t\t","protected":false},"excerpt":{"rendered":"<p>SALONLARIMIZ Her ad\u0131mda yenilik, zarafet ve tutkunun zaman\u0131n \u00f6tesinde bir anlat\u0131s\u0131n\u0131 g\u00f6zler \u00f6n\u00fcne seren Ural Ataman Klasik Otomobil M\u00fczesi\u2019nde otomotiv tarihinde s\u00fcr\u00fckleyici bir yolculu\u011fa \u00e7\u0131k\u0131n.Henry Ford\u2019un 1903 y\u0131l\u0131nda devrim yaratan montaj hatt\u0131 tekni\u011finin ortaya \u00e7\u0131k\u0131\u015f\u0131ndan bu yana bu ikonik destinasyon, zaman\u0131n dokusunda silinmez bir iz b\u0131rakan klasik otomobil merakl\u0131lar\u0131 i\u00e7in bir yol g\u00f6sterici olmu\u015ftur. \u00d6zenle [&hellip;]<\/p>\n","protected":false},"author":1,"featured_media":0,"parent":0,"menu_order":0,"comment_status":"closed","ping_status":"closed","template":"page-full-width.php","meta":{"footnotes":""},"class_list":["post-9122","page","type-page","status-publish","hentry"],"_links":{"self":[{"href":"https:\/\/www.atamanmuseum.com\/tr\/wp-json\/wp\/v2\/pages\/9122","targetHints":{"allow":["GET"]}}],"collection":[{"href":"https:\/\/www.atamanmuseum.com\/tr\/wp-json\/wp\/v2\/pages"}],"about":[{"href":"https:\/\/www.atamanmuseum.com\/tr\/wp-json\/wp\/v2\/types\/page"}],"author":[{"embeddable":true,"href":"https:\/\/www.atamanmuseum.com\/tr\/wp-json\/wp\/v2\/users\/1"}],"replies":[{"embeddable":true,"href":"https:\/\/www.atamanmuseum.com\/tr\/wp-json\/wp\/v2\/comments?post=9122"}],"version-history":[{"count":50,"href":"https:\/\/www.atamanmuseum.com\/tr\/wp-json\/wp\/v2\/pages\/9122\/revisions"}],"predecessor-version":[{"id":10122,"href":"https:\/\/www.atamanmuseum.com\/tr\/wp-json\/wp\/v2\/pages\/9122\/revisions\/10122"}],"wp:attachment":[{"href":"https:\/\/www.atamanmuseum.com\/tr\/wp-json\/wp\/v2\/media?parent=9122"}],"curies":[{"name":"wp","href":"https:\/\/api.w.org\/{rel}","templated":true}]}}